{"id":3,"date":"2022-06-29T09:36:25","date_gmt":"2022-06-29T09:36:25","guid":{"rendered":"http:\/\/www.ipatlanticosul.pt\/?page_id=3"},"modified":"2026-03-05T13:03:57","modified_gmt":"2026-03-05T13:03:57","slug":"politica-de-privacidade","status":"publish","type":"page","link":"https:\/\/www.ipatlanticosul.pt\/en\/politica-de-privacidade\/","title":{"rendered":"Privacy Policy"},"content":{"rendered":"<div data-elementor-type=\"wp-page\" data-elementor-id=\"3\" class=\"elementor elementor-3\">\n\t\t\t\t\t\t<section class=\"elementor-section elementor-top-section elementor-element elementor-element-22a57cb2 elementor-section-boxed elementor-section-height-default elementor-section-height-default\" data-id=\"22a57cb2\" data-element_type=\"section\">\n\t\t\t\t\t\t<div class=\"elementor-container elementor-column-gap-default\">\n\t\t\t\t\t<div class=\"elementor-column elementor-col-100 elementor-top-column elementor-element elementor-element-40e07d50\" data-id=\"40e07d50\" data-element_type=\"column\">\n\t\t\t<div class=\"elementor-widget-wrap elementor-element-populated\">\n\t\t\t\t\t\t<div class=\"elementor-element elementor-element-6a04d192 elementor-widget elementor-widget-text-editor\" data-id=\"6a04d192\" data-element_type=\"widget\" data-widget_type=\"text-editor.default\">\n\t\t\t\t<div class=\"elementor-widget-container\">\n\t\t\t\t\t\t\t\t\t<h2>Condi\u00e7\u00f5es Gerais<\/h2>\n<p><!-- \/wp:heading --><!-- wp:paragraph --><\/p>\n<p class=\"p1\">Os seguintes s\u00e3o os termos de um contrato estabelecido entre o Utilizador e Instituto Portugu\u00eas do Atl\u00e2ntico Sul Unipessoal Lda. , pessoa coletiva <span class=\"s1\">513503129<\/span>, com sede na Av. Fontes Pereira de Melo, 482, 4100-260 Porto.<\/p>\n<p class=\"p1\">Ao aceder e usar este Website o Utilizador admite ter lido e compreendido estes termos e cumprir\u00e1 com todas as leis e regras aplic\u00e1veis.<\/p>\n<p class=\"p1\">Se o Utilizador n\u00e3o estiver de acordo com estes termos, por favor n\u00e3o use este Website. O material apresentado neste Website est\u00e1 protegido por lei.<\/p>\n<p><!-- \/wp:paragraph --><!-- wp:heading --><\/p>\n<h2>Privacidade<\/h2>\n<p><!-- \/wp:heading --><!-- wp:paragraph --><\/p>\n<p class=\"p1\">A nossa empresa assume um compromisso de privacidade de todos e quaisquer dados pessoais do cliente, bem como da sua seguran\u00e7a. Todas as informa\u00e7\u00f5es que nos fornecer permitir\u00e3o apenas que o nosso servi\u00e7o seja mais adequado \u00e0s suas necessidades. A informa\u00e7\u00e3o pessoal recolhida pode incluir o seu nome, e-mail, n\u00famero de telefone ou telem\u00f3vel, morada, data de nascimento, entre outros.<\/p>\n<p class=\"p1\">Instituto Portugu\u00eas do Atl\u00e2ntico Sul Unipessoal Lda. \u00e9 respons\u00e1vel pelo tratamento de dados pessoais que recolhe e trata, ao abrigo do que est\u00e1 definido pelo Regulamento Geral sobre a Prote\u00e7\u00e3o de Dados.<\/p>\n<p class=\"p1\">Tal como outros websites, recolhemos e utilizamos informa\u00e7\u00e3o contida nos an\u00fancios, que inclui o seu endere\u00e7o IP (Internet Protocol), o seu ISP (Internet Service Provider), o browser que utilizou ao visitar o nosso website, o tempo de visita e que p\u00e1ginas visitou dentro do nosso website.<\/p>\n<p class=\"p1\">Tratamos dados pessoais quando tal for necess\u00e1rio para cumprir com obriga\u00e7\u00f5es legais que se nos apliquem. Poderemos ainda tratar a informa\u00e7\u00e3o se tivermos um interesse leg\u00edtimo para o fazer, desde que, em cada caso, o nosso interesse esteja em conformidade com a legisla\u00e7\u00e3o aplic\u00e1vel e os direitos do titular dos dados, nomeadamente para: comunica\u00e7\u00e3o com os nossos clientes; presta\u00e7\u00e3o de informa\u00e7\u00f5es sobre as atividades do Instituto Portugu\u00eas do Atl\u00e2ntico Sul Unipessoal Lda. , desenvolvimento e manuten\u00e7\u00e3o do website; presta\u00e7\u00e3o de assist\u00eancia t\u00e9cnica; preven\u00e7\u00e3o e dete\u00e7\u00e3o de fraude; assegurar a seguran\u00e7a da rede de informa\u00e7\u00e3o.<\/p>\n<p><!-- \/wp:paragraph --><!-- wp:heading --><\/p>\n<h2>Exerc\u00edcio dos Direitos por parte do titular dos dados<\/h2>\n<p><!-- \/wp:heading --><!-- wp:paragraph --><\/p>\n<p class=\"p1\">A qualquer momento o titular dos dados pode:<\/p>\n<ul class=\"ul1\">\n<li class=\"li2\"><span class=\"s1\">Solicitar o acesso \u00e0 informa\u00e7\u00e3o \u2013 o titular dos dados pessoais tem o direito a obter a confirma\u00e7\u00e3o de que os dados que lhe digam respeito s\u00e3o ou n\u00e3o objeto de tratamento e, quando for o caso, aceder aos seus dados pessoais e aceder \u00e0s informa\u00e7\u00f5es previstas na lei.<\/span><\/li>\n<li class=\"li2\"><span class=\"s1\">Solicitar a retifica\u00e7\u00e3o da informa\u00e7\u00e3o caso esteja inexata ou incompleta \u2013 os titulares dos dados pessoais t\u00eam direito a que o Instituto Portugu\u00eas do Atl\u00e2ntico Sul Unipessoal Lda. , sem demora injustificada, retifique os dados inexatos ou incompletos que lhe digam respeito.<\/span><\/li>\n<li class=\"li2\"><span class=\"s1\">Solicitar que os seus dados pessoais sejam apagados \u2013 o titular dos dados pessoais t\u00eam o direito de solicitar ao Instituto Portugu\u00eas do Atl\u00e2ntico Sul Unipessoal Lda.<span class=\"Apple-converted-space\">\u00a0\u00a0<\/span>que sejam apagados os seus dados, sem demora injustificada, e esta tem a obriga\u00e7\u00e3o de apagar os dados pessoais, sem demora injustificada, quando se aplique, designadamente, um dos seguintes motivos:<\/span><\/li>\n<li class=\"li2\"><span class=\"s1\">Os dados pessoais deixaram de ser necess\u00e1rios para a finalidade que motivou a sua recolha ou tratamento;<\/span><\/li>\n<li class=\"li2\"><span class=\"s1\">Op\u00f5e-se ao tratamento e n\u00e3o existem interesses leg\u00edtimos prevalecentes que justifiquem o tratamento; ou<\/span><\/li>\n<li class=\"li2\"><span class=\"s1\">Retirou o seu consentimento para o tratamento de dados (nos casos em que o tratamento \u00e9 baseado no consentimento) e n\u00e3o existir outro fundamento para o referido tratamento.<\/span><\/li>\n<li class=\"li2\"><span class=\"s1\">Solicitar a limita\u00e7\u00e3o do tratamento dos seus dados pessoais \u2013 o titular dos dados pessoais tem o direito de solicitar ao Instituto Portugu\u00eas do Atl\u00e2ntico Sul Unipessoal Lda.<span class=\"Apple-converted-space\">\u00a0\u00a0<\/span>a limita\u00e7\u00e3o do tratamento dos seus dados se se aplicar, designadamente, uma das seguintes situa\u00e7\u00f5es:<\/span><\/li>\n<li class=\"li2\"><span class=\"s1\">Contestar a exatid\u00e3o dos dados pessoais, durante um per\u00edodo que permita ao Instituto Portugu\u00eas do Atl\u00e2ntico Sul Unipessoal Lda.<span class=\"Apple-converted-space\">\u00a0\u00a0<\/span>verificar a sua exatid\u00e3o;<\/span><\/li>\n<li class=\"li2\"><span class=\"s1\">O tratamento de dados for l\u00edcito e o titular dos dados se opuser ao apagamento dos dados pessoais e solicitar, em contrapartida, a limita\u00e7\u00e3o da sua utiliza\u00e7\u00e3o;<\/span><\/li>\n<li class=\"li2\"><span class=\"s1\">O Instituto Portugu\u00eas do Atl\u00e2ntico Sul Unipessoal Lda.<span class=\"Apple-converted-space\">\u00a0\u00a0<\/span>j\u00e1 n\u00e3o precisar dos dados pessoais para fins de tratamento, mas esses dados forem requeridos pelo titular para efeitos de declara\u00e7\u00e3o, exerc\u00edcio ou defesa de um direito num processo judicial;<\/span><\/li>\n<li class=\"li2\"><span class=\"s1\">Se tiver oposto ao tratamento, at\u00e9 se verificar que os motivos leg\u00edtimos do respons\u00e1vel pelo tratamento prevalecem sobre os do titular dos dados.<\/span><\/li>\n<li class=\"li2\"><span class=\"s1\">Opor-se ao tratamento dos seus dados pessoais \u2013 o titular dos dados, 1) nos casos em que o tratamento de dados for efetuado para efeito dos interesses leg\u00edtimos prosseguidos pelo Instituto Portugu\u00eas do Atl\u00e2ntico Sul Unipessoal Lda. ; ou 2) o tratamento de dados for efetuado para efeitos de marketing direto; ou 3) defini\u00e7\u00e3o de perfis; pode ainda, a qualquer altura, opor-se ao tratamento dos seus dados pessoais.<\/span><\/li>\n<\/ul>\n<p class=\"p1\">Se o tratamento depender do seu consentimento, tem direito a retir\u00e1-lo \u2013 se o consentimento for legalmente necess\u00e1rio para o tratamento de dados pessoais o titular dos dados tem o direito de retirar consentimento em qualquer altura, embora esse direito n\u00e3o comprometa a licitude do tratamento efetuado com base no consentimento previamente dado nem o tratamento posterior dos mesmos dados, baseado noutra base legal, como \u00e9 o caso do cumprimento do contrato ou da obriga\u00e7\u00e3o legal a que o Instituto Portugu\u00eas do Atl\u00e2ntico Sul Unipessoal Lda.<span class=\"Apple-converted-space\">\u00a0\u00a0<\/span>esteja sujeito.<\/p>\n<p class=\"p1\">Os titulares dos dados poder\u00e3o, em qualquer momento, exercer os seus direitos, atrav\u00e9s do endere\u00e7o atrav\u00e9s de carta para o endere\u00e7o Av. Fontes Pereira de Melo, 482, 482, 4100-260 Porto.<\/p>\n<p class=\"p1\">Poder\u00e1 ser-lhe solicitado que fa\u00e7a prova da sua identidade de modo a assegurar que a partilha dos dados pessoais \u00e9 unicamente feita pelo seu titular. Em certos casos, nomeadamente devido a requisitos legais, o pedido do utilizador poder\u00e1 n\u00e3o ser imediatamente satisfeito, sendo informado das medidas desencadeadas nesse sentido, no prazo de 1 m\u00eas a partir do momento em que o pedido for efetuado. Tem ainda o direito de apresentar uma reclama\u00e7\u00e3o \u00e0 Comiss\u00e3o Nacional de Prote\u00e7\u00e3o de Dados.<\/p>\n<p><!-- \/wp:paragraph --><!-- wp:heading --><\/p>\n<h2>Pol\u00edtica de Cookies<\/h2>\n<p><!-- \/wp:heading --><!-- wp:paragraph --><\/p>\n<p class=\"p1\">Utilizamos cookies para armazenar informa\u00e7\u00e3o, tais como as suas prefer\u00eancias pessoais quando visita o nosso website. O utilizador det\u00e9m o poder de desligar os seus cookies, nas op\u00e7\u00f5es do seu browser ou efetuando altera\u00e7\u00f5es nas ferramentas de programas Anti-Virus. Estas a\u00e7\u00f5es poder\u00e3o alterar a forma como interage com o nosso website.<\/p>\n<p><!-- \/wp:paragraph --><!-- wp:heading --><\/p>\n<h2>Links para Sites de Terceiros<\/h2>\n<p><!-- \/wp:heading --><!-- wp:paragraph --><\/p>\n<p class=\"p1\">Este Website pode conter links para sites de terceiros (\u201csites vinculados\u201d). Os sites vinculados n\u00e3o est\u00e3o sob o controle do e Instituto Portugu\u00eas do Atl\u00e2ntico Sul Unipessoal Lda. , n\u00e3o sendo respons\u00e1vel pelo conte\u00fado de qualquer Site Vinculado.<\/p>\n<p><!-- \/wp:paragraph --><\/p>\t\t\t\t\t\t\t\t<\/div>\n\t\t\t\t<\/div>\n\t\t\t\t\t<\/div>\n\t\t<\/div>\n\t\t\t\t\t<\/div>\n\t\t<\/section>\n\t\t\t\t<\/div>","protected":false},"excerpt":{"rendered":"<p>Condi\u00e7\u00f5es Gerais Os seguintes s\u00e3o os termos de um contrato estabelecido entre o Utilizador e Instituto Portugu\u00eas do Atl\u00e2ntico Sul Unipessoal Lda. , pessoa coletiva 513503129, com sede na Av. Fontes Pereira de Melo, 482, 4100-260 Porto. Ao aceder e usar este Website o Utilizador admite ter lido e compreendido estes termos e cumprir\u00e1 com [&hellip;]<\/p>","protected":false},"author":3,"featured_media":0,"parent":0,"menu_order":0,"comment_status":"closed","ping_status":"open","template":"","meta":{"footnotes":""},"class_list":["post-3","page","type-page","status-publish","hentry"],"yoast_head":"<!-- This site is optimized with the Yoast SEO plugin v24.2 - https:\/\/yoast.com\/wordpress\/plugins\/seo\/ -->\n<title>Pol\u00edtica Privacidade | IPAS<\/title>\n<meta name=\"description\" content=\"Pol\u00edtica de Privacidade do IPAS\" \/>\n<meta name=\"robots\" content=\"index, follow, max-snippet:-1, max-image-preview:large, max-video-preview:-1\" \/>\n<link rel=\"canonical\" href=\"https:\/\/www.ipatlanticosul.pt\/en\/politica-de-privacidade\/\" \/>\n<meta property=\"og:locale\" content=\"en_GB\" \/>\n<meta property=\"og:type\" content=\"article\" \/>\n<meta property=\"og:title\" content=\"Pol\u00edtica Privacidade | IPAS\" \/>\n<meta property=\"og:description\" content=\"Pol\u00edtica de Privacidade do IPAS\" \/>\n<meta property=\"og:url\" content=\"https:\/\/www.ipatlanticosul.pt\/en\/politica-de-privacidade\/\" \/>\n<meta property=\"og:site_name\" content=\"IPAS\" \/>\n<meta property=\"article:modified_time\" content=\"2026-03-05T13:03:57+00:00\" \/>\n<meta name=\"twitter:card\" content=\"summary_large_image\" \/>\n<meta name=\"twitter:label1\" content=\"Estimated reading time\" \/>\n\t<meta name=\"twitter:data1\" content=\"6 minutes\" \/>\n<script type=\"application\/ld+json\" class=\"yoast-schema-graph\">{\"@context\":\"https:\/\/schema.org\",\"@graph\":[{\"@type\":\"WebPage\",\"@id\":\"https:\/\/www.ipatlanticosul.pt\/politica-de-privacidade\/\",\"url\":\"https:\/\/www.ipatlanticosul.pt\/politica-de-privacidade\/\",\"name\":\"Pol\u00edtica Privacidade | IPAS\",\"isPartOf\":{\"@id\":\"https:\/\/www.ipatlanticosul.pt\/#website\"},\"datePublished\":\"2022-06-29T09:36:25+00:00\",\"dateModified\":\"2026-03-05T13:03:57+00:00\",\"description\":\"Pol\u00edtica de Privacidade do IPAS\",\"breadcrumb\":{\"@id\":\"https:\/\/www.ipatlanticosul.pt\/politica-de-privacidade\/#breadcrumb\"},\"inLanguage\":\"en-GB\",\"potentialAction\":[{\"@type\":\"ReadAction\",\"target\":[\"https:\/\/www.ipatlanticosul.pt\/politica-de-privacidade\/\"]}]},{\"@type\":\"BreadcrumbList\",\"@id\":\"https:\/\/www.ipatlanticosul.pt\/politica-de-privacidade\/#breadcrumb\",\"itemListElement\":[{\"@type\":\"ListItem\",\"position\":1,\"name\":\"In\u00edcio\",\"item\":\"https:\/\/www.ipatlanticosul.pt\/\"},{\"@type\":\"ListItem\",\"position\":2,\"name\":\"Pol\u00edtica de Privacidade\"}]},{\"@type\":\"WebSite\",\"@id\":\"https:\/\/www.ipatlanticosul.pt\/#website\",\"url\":\"https:\/\/www.ipatlanticosul.pt\/\",\"name\":\"IPAS\",\"description\":\"Instituto Portugu\u00eas do Atl\u00e2ntico Sul\",\"publisher\":{\"@id\":\"https:\/\/www.ipatlanticosul.pt\/#organization\"},\"potentialAction\":[{\"@type\":\"SearchAction\",\"target\":{\"@type\":\"EntryPoint\",\"urlTemplate\":\"https:\/\/www.ipatlanticosul.pt\/?s={search_term_string}\"},\"query-input\":{\"@type\":\"PropertyValueSpecification\",\"valueRequired\":true,\"valueName\":\"search_term_string\"}}],\"inLanguage\":\"en-GB\"},{\"@type\":\"Organization\",\"@id\":\"https:\/\/www.ipatlanticosul.pt\/#organization\",\"name\":\"Instituto Portugu\u00eas do Atl\u00e2ntico Sul\",\"url\":\"https:\/\/www.ipatlanticosul.pt\/\",\"logo\":{\"@type\":\"ImageObject\",\"inLanguage\":\"en-GB\",\"@id\":\"https:\/\/www.ipatlanticosul.pt\/#\/schema\/logo\/image\/\",\"url\":\"https:\/\/www.ipatlanticosul.pt\/wp-content\/uploads\/2022\/06\/favicon-09.png\",\"contentUrl\":\"https:\/\/www.ipatlanticosul.pt\/wp-content\/uploads\/2022\/06\/favicon-09.png\",\"width\":119,\"height\":119,\"caption\":\"Instituto Portugu\u00eas do Atl\u00e2ntico Sul\"},\"image\":{\"@id\":\"https:\/\/www.ipatlanticosul.pt\/#\/schema\/logo\/image\/\"}}]}<\/script>\n<!-- \/ Yoast SEO plugin. -->","yoast_head_json":{"title":"Pol\u00edtica Privacidade | IPAS","description":"Pol\u00edtica de Privacidade do IPAS","robots":{"index":"index","follow":"follow","max-snippet":"max-snippet:-1","max-image-preview":"max-image-preview:large","max-video-preview":"max-video-preview:-1"},"canonical":"https:\/\/www.ipatlanticosul.pt\/en\/politica-de-privacidade\/","og_locale":"en_GB","og_type":"article","og_title":"Pol\u00edtica Privacidade | IPAS","og_description":"Pol\u00edtica de Privacidade do IPAS","og_url":"https:\/\/www.ipatlanticosul.pt\/en\/politica-de-privacidade\/","og_site_name":"IPAS","article_modified_time":"2026-03-05T13:03:57+00:00","twitter_card":"summary_large_image","twitter_misc":{"Estimated reading time":"6 minutes"},"schema":{"@context":"https:\/\/schema.org","@graph":[{"@type":"WebPage","@id":"https:\/\/www.ipatlanticosul.pt\/politica-de-privacidade\/","url":"https:\/\/www.ipatlanticosul.pt\/politica-de-privacidade\/","name":"Pol\u00edtica Privacidade | IPAS","isPartOf":{"@id":"https:\/\/www.ipatlanticosul.pt\/#website"},"datePublished":"2022-06-29T09:36:25+00:00","dateModified":"2026-03-05T13:03:57+00:00","description":"Pol\u00edtica de Privacidade do IPAS","breadcrumb":{"@id":"https:\/\/www.ipatlanticosul.pt\/politica-de-privacidade\/#breadcrumb"},"inLanguage":"en-GB","potentialAction":[{"@type":"ReadAction","target":["https:\/\/www.ipatlanticosul.pt\/politica-de-privacidade\/"]}]},{"@type":"BreadcrumbList","@id":"https:\/\/www.ipatlanticosul.pt\/politica-de-privacidade\/#breadcrumb","itemListElement":[{"@type":"ListItem","position":1,"name":"In\u00edcio","item":"https:\/\/www.ipatlanticosul.pt\/"},{"@type":"ListItem","position":2,"name":"Pol\u00edtica de Privacidade"}]},{"@type":"WebSite","@id":"https:\/\/www.ipatlanticosul.pt\/#website","url":"https:\/\/www.ipatlanticosul.pt\/","name":"IPAS","description":"Instituto Portugu\u00eas do Atl\u00e2ntico Sul","publisher":{"@id":"https:\/\/www.ipatlanticosul.pt\/#organization"},"potentialAction":[{"@type":"SearchAction","target":{"@type":"EntryPoint","urlTemplate":"https:\/\/www.ipatlanticosul.pt\/?s={search_term_string}"},"query-input":{"@type":"PropertyValueSpecification","valueRequired":true,"valueName":"search_term_string"}}],"inLanguage":"en-GB"},{"@type":"Organization","@id":"https:\/\/www.ipatlanticosul.pt\/#organization","name":"Instituto Portugu\u00eas do Atl\u00e2ntico Sul","url":"https:\/\/www.ipatlanticosul.pt\/","logo":{"@type":"ImageObject","inLanguage":"en-GB","@id":"https:\/\/www.ipatlanticosul.pt\/#\/schema\/logo\/image\/","url":"https:\/\/www.ipatlanticosul.pt\/wp-content\/uploads\/2022\/06\/favicon-09.png","contentUrl":"https:\/\/www.ipatlanticosul.pt\/wp-content\/uploads\/2022\/06\/favicon-09.png","width":119,"height":119,"caption":"Instituto Portugu\u00eas do Atl\u00e2ntico Sul"},"image":{"@id":"https:\/\/www.ipatlanticosul.pt\/#\/schema\/logo\/image\/"}}]}},"_links":{"self":[{"href":"https:\/\/www.ipatlanticosul.pt\/en\/wp-json\/wp\/v2\/pages\/3","targetHints":{"allow":["GET"]}}],"collection":[{"href":"https:\/\/www.ipatlanticosul.pt\/en\/wp-json\/wp\/v2\/pages"}],"about":[{"href":"https:\/\/www.ipatlanticosul.pt\/en\/wp-json\/wp\/v2\/types\/page"}],"author":[{"embeddable":true,"href":"https:\/\/www.ipatlanticosul.pt\/en\/wp-json\/wp\/v2\/users\/3"}],"replies":[{"embeddable":true,"href":"https:\/\/www.ipatlanticosul.pt\/en\/wp-json\/wp\/v2\/comments?post=3"}],"version-history":[{"count":14,"href":"https:\/\/www.ipatlanticosul.pt\/en\/wp-json\/wp\/v2\/pages\/3\/revisions"}],"predecessor-version":[{"id":9677,"href":"https:\/\/www.ipatlanticosul.pt\/en\/wp-json\/wp\/v2\/pages\/3\/revisions\/9677"}],"wp:attachment":[{"href":"https:\/\/www.ipatlanticosul.pt\/en\/wp-json\/wp\/v2\/media?parent=3"}],"curies":[{"name":"wp","href":"https:\/\/api.w.org\/{rel}","templated":true}]}}